{"id":1258,"date":"2026-01-26T18:13:00","date_gmt":"2026-01-26T17:13:00","guid":{"rendered":"https:\/\/studiovaleria.ch\/das-studio\/"},"modified":"2026-03-25T15:52:38","modified_gmt":"2026-03-25T14:52:38","slug":"das-studio","status":"publish","type":"page","link":"https:\/\/studiovaleria.ch\/de\/das-studio\/","title":{"rendered":"Das Studio"},"content":{"rendered":"\t\t<div data-elementor-type=\"wp-page\" data-elementor-id=\"1258\" class=\"elementor elementor-1258 elementor-418\" data-elementor-post-type=\"page\">\n\t\t\t\t<div class=\"elementor-element elementor-element-53c8a18 e-flex e-con-boxed e-con e-parent\" data-id=\"53c8a18\" data-element_type=\"container\" data-e-type=\"container\" data-settings=\"{&quot;background_background&quot;:&quot;classic&quot;}\">\n\t\t\t\t\t<div class=\"e-con-inner\">\n\t\t\t\t<div class=\"elementor-element elementor-element-b157d16 elementor-widget elementor-widget-text-editor\" data-id=\"b157d16\" data-element_type=\"widget\" data-e-type=\"widget\" data-widget_type=\"text-editor.default\">\n\t\t\t\t\t\t\t\t\t<div><pre><nav  aria-label=\"Brotkrumen\"><ol class=\"breadcrumb\"><li class=\"breadcrumb-item active\" aria-current=\"page\"><span>Startseite<\/span><\/li><\/ol><\/nav><\/pre><\/div>\t\t\t\t\t\t\t\t<\/div>\n\t\t\t\t\t<\/div>\n\t\t\t\t<\/div>\n\t\t<div class=\"elementor-element elementor-element-21da257 e-flex e-con-boxed e-con e-child\" data-id=\"21da257\" data-element_type=\"container\" data-e-type=\"container\">\n\t\t\t\t\t<div class=\"e-con-inner\">\n\t\t\t\t<div class=\"elementor-element elementor-element-79190f9 elementor-widget__width-initial elementor-widget elementor-widget-text-editor\" data-id=\"79190f9\" data-element_type=\"widget\" data-e-type=\"widget\" data-widget_type=\"text-editor.default\">\n\t\t\t\t\t\t\t\t\t<p data-start=\"241\" data-end=\"505\">Studio Valeria ist ein Raum, der der <strong data-start=\"282\" data-end=\"318\">fortgeschrittenen \u00c4sthetik und dem Wohlbefinden<\/strong> gewidmet ist und darauf ausgelegt wurde, ein professionelles, entspannendes und sicheres Erlebnis zu bieten. Moderne, helle und bis ins Detail gepflegte R\u00e4umlichkeiten empfangen jeden Kunden in einer Atmosph\u00e4re der Ruhe und des Komforts. <\/p><p data-start=\"507\" data-end=\"844\">Jeder Bereich des Studios ist darauf ausgerichtet, <strong data-start=\"554\" data-end=\"602\">Hygiene, Privatsph\u00e4re und modernste Technologien<\/strong> zu gew\u00e4hrleisten und den idealen Rahmen f\u00fcr personalisierte \u00e4sthetische Behandlungen und hochwertige Ergebnisse zu schaffen. Hier treffen Professionalit\u00e4t, \u00c4sthetik und Aufmerksamkeit f\u00fcr die Person aufeinander, um die nat\u00fcrliche Sch\u00f6nheit in einer harmonischen und raffinierten Umgebung zu unterstreichen. <\/p>\t\t\t\t\t\t\t\t<\/div>\n\t\t\t\t<div class=\"elementor-element elementor-element-da8b200 elementor-widget elementor-widget-gallery\" data-id=\"da8b200\" data-element_type=\"widget\" data-e-type=\"widget\" data-settings=\"{&quot;columns&quot;:2,&quot;lazyload&quot;:&quot;yes&quot;,&quot;gallery_layout&quot;:&quot;grid&quot;,&quot;columns_tablet&quot;:2,&quot;columns_mobile&quot;:1,&quot;gap&quot;:{&quot;unit&quot;:&quot;px&quot;,&quot;size&quot;:10,&quot;sizes&quot;:[]},&quot;gap_laptop&quot;:{&quot;unit&quot;:&quot;px&quot;,&quot;size&quot;:10,&quot;sizes&quot;:[]},&quot;gap_tablet&quot;:{&quot;unit&quot;:&quot;px&quot;,&quot;size&quot;:10,&quot;sizes&quot;:[]},&quot;gap_mobile&quot;:{&quot;unit&quot;:&quot;px&quot;,&quot;size&quot;:10,&quot;sizes&quot;:[]},&quot;link_to&quot;:&quot;file&quot;,&quot;aspect_ratio&quot;:&quot;3:2&quot;,&quot;overlay_background&quot;:&quot;yes&quot;,&quot;content_hover_animation&quot;:&quot;fade-in&quot;}\" data-widget_type=\"gallery.default\">\n\t\t\t\t\t\t\t<div class=\"elementor-gallery__container\">\n\t\t\t\t\t\t\t<a class=\"e-gallery-item elementor-gallery-item elementor-animated-content\" href=\"https:\/\/studiovaleria.ch\/wp-content\/uploads\/sites\/3\/2026\/01\/RB000005RP.avif\" data-elementor-open-lightbox=\"yes\" data-elementor-lightbox-slideshow=\"da8b200\" data-elementor-lightbox-title=\"RB000005RP\" data-e-action-hash=\"#elementor-action%3Aaction%3Dlightbox%26settings%3DeyJpZCI6MTIxNSwidXJsIjoiaHR0cHM6XC9cL3N0dWRpb3ZhbGVyaWEuY2hcL3dwLWNvbnRlbnRcL3VwbG9hZHNcL3NpdGVzXC8zXC8yMDI2XC8wMVwvUkIwMDAwMDVSUC5hdmlmIiwic2xpZGVzaG93IjoiZGE4YjIwMCJ9\">\n\t\t\t\t\t<div class=\"e-gallery-image elementor-gallery-item__image\" data-thumbnail=\"https:\/\/studiovaleria.ch\/wp-content\/uploads\/sites\/3\/2026\/01\/RB000005RP.avif\" data-width=\"1000\" data-height=\"750\" aria-label=\"\" role=\"img\" ><\/div>\n\t\t\t\t\t\t\t\t\t\t\t<div class=\"elementor-gallery-item__overlay\"><\/div>\n\t\t\t\t\t\t\t\t\t\t\t\t\t\t<\/a>\n\t\t\t\t\t\t\t<a class=\"e-gallery-item elementor-gallery-item elementor-animated-content\" href=\"https:\/\/studiovaleria.ch\/wp-content\/uploads\/sites\/3\/2026\/01\/20220614_135419_0031.avif\" data-elementor-open-lightbox=\"yes\" data-elementor-lightbox-slideshow=\"da8b200\" data-elementor-lightbox-title=\"20220614_135419_003(1)\" data-e-action-hash=\"#elementor-action%3Aaction%3Dlightbox%26settings%3DeyJpZCI6MTI1OSwidXJsIjoiaHR0cHM6XC9cL3N0dWRpb3ZhbGVyaWEuY2hcL3dwLWNvbnRlbnRcL3VwbG9hZHNcL3NpdGVzXC8zXC8yMDI2XC8wMVwvMjAyMjA2MTRfMTM1NDE5XzAwMzEuYXZpZiIsInNsaWRlc2hvdyI6ImRhOGIyMDAifQ%3D%3D\">\n\t\t\t\t\t<div class=\"e-gallery-image elementor-gallery-item__image\" data-thumbnail=\"https:\/\/studiovaleria.ch\/wp-content\/uploads\/sites\/3\/2026\/01\/20220614_135419_0031.avif\" data-width=\"1000\" data-height=\"680\" aria-label=\"\" role=\"img\" ><\/div>\n\t\t\t\t\t\t\t\t\t\t\t<div class=\"elementor-gallery-item__overlay\"><\/div>\n\t\t\t\t\t\t\t\t\t\t\t\t\t\t<\/a>\n\t\t\t\t\t\t\t<a class=\"e-gallery-item elementor-gallery-item elementor-animated-content\" href=\"https:\/\/studiovaleria.ch\/wp-content\/uploads\/sites\/3\/2026\/01\/RB000012RP.avif\" data-elementor-open-lightbox=\"yes\" data-elementor-lightbox-slideshow=\"da8b200\" data-elementor-lightbox-title=\"RB000012RP\" data-e-action-hash=\"#elementor-action%3Aaction%3Dlightbox%26settings%3DeyJpZCI6MTI2MCwidXJsIjoiaHR0cHM6XC9cL3N0dWRpb3ZhbGVyaWEuY2hcL3dwLWNvbnRlbnRcL3VwbG9hZHNcL3NpdGVzXC8zXC8yMDI2XC8wMVwvUkIwMDAwMTJSUC5hdmlmIiwic2xpZGVzaG93IjoiZGE4YjIwMCJ9\">\n\t\t\t\t\t<div class=\"e-gallery-image elementor-gallery-item__image\" data-thumbnail=\"https:\/\/studiovaleria.ch\/wp-content\/uploads\/sites\/3\/2026\/01\/RB000012RP.avif\" data-width=\"1000\" data-height=\"750\" aria-label=\"\" role=\"img\" ><\/div>\n\t\t\t\t\t\t\t\t\t\t\t<div class=\"elementor-gallery-item__overlay\"><\/div>\n\t\t\t\t\t\t\t\t\t\t\t\t\t\t<\/a>\n\t\t\t\t\t\t\t<a class=\"e-gallery-item elementor-gallery-item elementor-animated-content\" href=\"https:\/\/studiovaleria.ch\/wp-content\/uploads\/sites\/3\/2026\/01\/RB000009RP.avif\" data-elementor-open-lightbox=\"yes\" data-elementor-lightbox-slideshow=\"da8b200\" data-elementor-lightbox-title=\"RB000009RP\" data-e-action-hash=\"#elementor-action%3Aaction%3Dlightbox%26settings%3DeyJpZCI6MTI2MSwidXJsIjoiaHR0cHM6XC9cL3N0dWRpb3ZhbGVyaWEuY2hcL3dwLWNvbnRlbnRcL3VwbG9hZHNcL3NpdGVzXC8zXC8yMDI2XC8wMVwvUkIwMDAwMDlSUC5hdmlmIiwic2xpZGVzaG93IjoiZGE4YjIwMCJ9\">\n\t\t\t\t\t<div class=\"e-gallery-image elementor-gallery-item__image\" data-thumbnail=\"https:\/\/studiovaleria.ch\/wp-content\/uploads\/sites\/3\/2026\/01\/RB000009RP.avif\" data-width=\"1000\" data-height=\"750\" aria-label=\"\" role=\"img\" ><\/div>\n\t\t\t\t\t\t\t\t\t\t\t<div class=\"elementor-gallery-item__overlay\"><\/div>\n\t\t\t\t\t\t\t\t\t\t\t\t\t\t<\/a>\n\t\t\t\t\t<\/div>\n\t\t\t\t\t<\/div>\n\t\t\t\t\t<\/div>\n\t\t\t\t<\/div>\n\t\t\t\t<\/div>\n\t\t","protected":false},"excerpt":{"rendered":"<p>Studio Valeria ist ein Raum, der der fortgeschrittenen \u00c4sthetik und dem Wohlbefinden gewidmet ist und darauf ausgelegt wurde, ein professionelles, entspannendes und sicheres Erlebnis zu bieten. Moderne, helle und bis ins Detail gepflegte R\u00e4umlichkeiten empfangen jeden Kunden in einer Atmosph\u00e4re der Ruhe und des Komforts. Jeder Bereich des Studios ist darauf ausgerichtet, Hygiene, Privatsph\u00e4re und [&hellip;]<\/p>\n","protected":false},"author":2,"featured_media":0,"parent":0,"menu_order":0,"comment_status":"closed","ping_status":"closed","template":"","meta":{"_acf_changed":false,"_seopress_robots_primary_cat":"","_seopress_titles_title":"Das Studio von Studio Valeria | Fortgeschrittene \u00c4sthetik in Locarno","_seopress_titles_desc":"Ein Studio f\u00fcr fortgeschrittene \u00c4sthetik in Locarno, wo Professionalit\u00e4t, Komfort und moderne Technologien f\u00fcr Ihr Wohlbefinden zusammentreffen.","_seopress_robots_index":"","footnotes":""},"class_list":["post-1258","page","type-page","status-publish","hentry"],"acf":[],"jetpack_sharing_enabled":true,"_links":{"self":[{"href":"https:\/\/studiovaleria.ch\/de\/wp-json\/wp\/v2\/pages\/1258","targetHints":{"allow":["GET"]}}],"collection":[{"href":"https:\/\/studiovaleria.ch\/de\/wp-json\/wp\/v2\/pages"}],"about":[{"href":"https:\/\/studiovaleria.ch\/de\/wp-json\/wp\/v2\/types\/page"}],"author":[{"embeddable":true,"href":"https:\/\/studiovaleria.ch\/de\/wp-json\/wp\/v2\/users\/2"}],"replies":[{"embeddable":true,"href":"https:\/\/studiovaleria.ch\/de\/wp-json\/wp\/v2\/comments?post=1258"}],"version-history":[{"count":1,"href":"https:\/\/studiovaleria.ch\/de\/wp-json\/wp\/v2\/pages\/1258\/revisions"}],"predecessor-version":[{"id":1262,"href":"https:\/\/studiovaleria.ch\/de\/wp-json\/wp\/v2\/pages\/1258\/revisions\/1262"}],"wp:attachment":[{"href":"https:\/\/studiovaleria.ch\/de\/wp-json\/wp\/v2\/media?parent=1258"}],"curies":[{"name":"wp","href":"https:\/\/api.w.org\/{rel}","templated":true}]}}