{"id":1338,"date":"2026-02-03T10:49:58","date_gmt":"2026-02-03T09:49:58","guid":{"rendered":"https:\/\/studiovaleria.ch\/arbeiten\/"},"modified":"2026-03-25T15:55:42","modified_gmt":"2026-03-25T14:55:42","slug":"arbeiten","status":"publish","type":"page","link":"https:\/\/studiovaleria.ch\/de\/arbeiten\/","title":{"rendered":"Arbeiten"},"content":{"rendered":"<pre><nav  aria-label=\"Brotkrumen\"><ol class=\"breadcrumb\"><li class=\"breadcrumb-item active\" aria-current=\"page\"><span>Startseite<\/span><\/li><\/ol><\/nav><\/pre>\n<h3>Durchgef\u00fchrte Arbeiten<\/h3>\n<article dir=\"auto\" data-turn-id=\"a452251c-04e8-4215-a3e6-57361ef890e5\" data-testid=\"conversation-turn-65\" data-scroll-anchor=\"false\" data-turn=\"user\">\n<p data-start=\"221\" data-end=\"593\">In dieser Galerie finden Sie eine Auswahl der im Studio Valeria durchgef\u00fchrten Arbeiten. Jedes Bild repr\u00e4sentiert einen personalisierten Behandlungsweg, der sorgf\u00e4ltig auf die individuellen Merkmale und die nat\u00fcrliche Harmonie von Gesicht oder K\u00f6rper abgestimmt wurde. Die Ergebnisse zeigen den professionellen Ansatz des Studios, der auf technischer Kompetenz, \u00e4sthetischem Feingef\u00fchl und Liebe zum Detail basiert.  <\/p>\n<\/article>\n<p>\t\t\t\t\t\t\t<a href=\"https:\/\/studiovaleria.ch\/wp-content\/uploads\/sites\/3\/2026\/02\/AirBrush_20260201204350-1.avif\" data-elementor-open-lightbox=\"yes\" data-elementor-lightbox-slideshow=\"10ce231\" data-elementor-lightbox-title=\"AirBrush_20260201204350\" data-e-action-hash=\"#elementor-action%3Aaction%3Dlightbox%26settings%3DeyJpZCI6ODY2LCJ1cmwiOiJodHRwczpcL1wvc3R1ZGlvdmFsZXJpYS5jaFwvd3AtY29udGVudFwvdXBsb2Fkc1wvc2l0ZXNcLzNcLzIwMjZcLzAyXC9BaXJCcnVzaF8yMDI2MDIwMTIwNDM1MC0xLmF2aWYiLCJzbGlkZXNob3ciOiIxMGNlMjMxIn0%3D\"><br \/>\n\t\t\t\t\t\t\t\t\t\t\t\t\t\t<\/a><br \/>\n\t\t\t\t\t\t\t<a href=\"https:\/\/studiovaleria.ch\/wp-content\/uploads\/sites\/3\/2026\/02\/AirBrush_20260201195438.avif\" data-elementor-open-lightbox=\"yes\" data-elementor-lightbox-slideshow=\"10ce231\" data-elementor-lightbox-title=\"AirBrush_20260201195438\" data-e-action-hash=\"#elementor-action%3Aaction%3Dlightbox%26settings%3DeyJpZCI6ODY3LCJ1cmwiOiJodHRwczpcL1wvc3R1ZGlvdmFsZXJpYS5jaFwvd3AtY29udGVudFwvdXBsb2Fkc1wvc2l0ZXNcLzNcLzIwMjZcLzAyXC9BaXJCcnVzaF8yMDI2MDIwMTE5NTQzOC5hdmlmIiwic2xpZGVzaG93IjoiMTBjZTIzMSJ9\"><br \/>\n\t\t\t\t\t\t\t\t\t\t\t\t\t\t<\/a><br \/>\n\t\t\t\t\t\t\t<a href=\"https:\/\/studiovaleria.ch\/wp-content\/uploads\/sites\/3\/2026\/02\/AirBrush_20260201202837-1.avif\" data-elementor-open-lightbox=\"yes\" data-elementor-lightbox-slideshow=\"10ce231\" data-elementor-lightbox-title=\"AirBrush_20260201202837\" data-e-action-hash=\"#elementor-action%3Aaction%3Dlightbox%26settings%3DeyJpZCI6ODcwLCJ1cmwiOiJodHRwczpcL1wvc3R1ZGlvdmFsZXJpYS5jaFwvd3AtY29udGVudFwvdXBsb2Fkc1wvc2l0ZXNcLzNcLzIwMjZcLzAyXC9BaXJCcnVzaF8yMDI2MDIwMTIwMjgzNy0xLmF2aWYiLCJzbGlkZXNob3ciOiIxMGNlMjMxIn0%3D\"><br \/>\n\t\t\t\t\t\t\t\t\t\t\t\t\t\t<\/a><br \/>\n\t\t\t\t\t\t\t<a href=\"https:\/\/studiovaleria.ch\/wp-content\/uploads\/sites\/3\/2026\/02\/AirBrush_20260201202216.avif\" data-elementor-open-lightbox=\"yes\" data-elementor-lightbox-slideshow=\"10ce231\" data-elementor-lightbox-title=\"AirBrush_20260201202216\" data-e-action-hash=\"#elementor-action%3Aaction%3Dlightbox%26settings%3DeyJpZCI6ODY4LCJ1cmwiOiJodHRwczpcL1wvc3R1ZGlvdmFsZXJpYS5jaFwvd3AtY29udGVudFwvdXBsb2Fkc1wvc2l0ZXNcLzNcLzIwMjZcLzAyXC9BaXJCcnVzaF8yMDI2MDIwMTIwMjIxNi5hdmlmIiwic2xpZGVzaG93IjoiMTBjZTIzMSJ9\"><br \/>\n\t\t\t\t\t\t\t\t\t\t\t\t\t\t<\/a><br \/>\n\t\t\t\t\t\t\t<a href=\"https:\/\/studiovaleria.ch\/wp-content\/uploads\/sites\/3\/2026\/02\/AirBrush_20260201202436.avif\" data-elementor-open-lightbox=\"yes\" data-elementor-lightbox-slideshow=\"10ce231\" data-elementor-lightbox-title=\"AirBrush_20260201202436\" data-e-action-hash=\"#elementor-action%3Aaction%3Dlightbox%26settings%3DeyJpZCI6ODY5LCJ1cmwiOiJodHRwczpcL1wvc3R1ZGlvdmFsZXJpYS5jaFwvd3AtY29udGVudFwvdXBsb2Fkc1wvc2l0ZXNcLzNcLzIwMjZcLzAyXC9BaXJCcnVzaF8yMDI2MDIwMTIwMjQzNi5hdmlmIiwic2xpZGVzaG93IjoiMTBjZTIzMSJ9\"><br \/>\n\t\t\t\t\t\t\t\t\t\t\t\t\t\t<\/a><br \/>\n\t\t\t\t\t\t\t<a href=\"https:\/\/studiovaleria.ch\/wp-content\/uploads\/sites\/3\/2026\/02\/AirBrush_20260201203101.avif\" data-elementor-open-lightbox=\"yes\" data-elementor-lightbox-slideshow=\"10ce231\" data-elementor-lightbox-title=\"AirBrush_20260201203101\" data-e-action-hash=\"#elementor-action%3Aaction%3Dlightbox%26settings%3DeyJpZCI6ODcxLCJ1cmwiOiJodHRwczpcL1wvc3R1ZGlvdmFsZXJpYS5jaFwvd3AtY29udGVudFwvdXBsb2Fkc1wvc2l0ZXNcLzNcLzIwMjZcLzAyXC9BaXJCcnVzaF8yMDI2MDIwMTIwMzEwMS5hdmlmIiwic2xpZGVzaG93IjoiMTBjZTIzMSJ9\"><br \/>\n\t\t\t\t\t\t\t\t\t\t\t\t\t\t<\/a><br \/>\n\t\t\t\t\t\t\t<a href=\"https:\/\/studiovaleria.ch\/wp-content\/uploads\/sites\/3\/2026\/02\/AirBrush_20260201203223-1.avif\" data-elementor-open-lightbox=\"yes\" data-elementor-lightbox-slideshow=\"10ce231\" data-elementor-lightbox-title=\"AirBrush_20260201203223\" data-e-action-hash=\"#elementor-action%3Aaction%3Dlightbox%26settings%3DeyJpZCI6ODcyLCJ1cmwiOiJodHRwczpcL1wvc3R1ZGlvdmFsZXJpYS5jaFwvd3AtY29udGVudFwvdXBsb2Fkc1wvc2l0ZXNcLzNcLzIwMjZcLzAyXC9BaXJCcnVzaF8yMDI2MDIwMTIwMzIyMy0xLmF2aWYiLCJzbGlkZXNob3ciOiIxMGNlMjMxIn0%3D\"><br \/>\n\t\t\t\t\t\t\t\t\t\t\t\t\t\t<\/a><br \/>\n\t\t\t\t\t\t\t<a href=\"https:\/\/studiovaleria.ch\/wp-content\/uploads\/sites\/3\/2026\/02\/AirBrush_20260201204108.avif\" data-elementor-open-lightbox=\"yes\" data-elementor-lightbox-slideshow=\"10ce231\" data-elementor-lightbox-title=\"AirBrush_20260201204108\" data-e-action-hash=\"#elementor-action%3Aaction%3Dlightbox%26settings%3DeyJpZCI6ODczLCJ1cmwiOiJodHRwczpcL1wvc3R1ZGlvdmFsZXJpYS5jaFwvd3AtY29udGVudFwvdXBsb2Fkc1wvc2l0ZXNcLzNcLzIwMjZcLzAyXC9BaXJCcnVzaF8yMDI2MDIwMTIwNDEwOC5hdmlmIiwic2xpZGVzaG93IjoiMTBjZTIzMSJ9\"><br \/>\n\t\t\t\t\t\t\t\t\t\t\t\t\t\t<\/a><\/p>\n","protected":false},"excerpt":{"rendered":"<p>Durchgef\u00fchrte Arbeiten In dieser Galerie finden Sie eine Auswahl der im Studio Valeria durchgef\u00fchrten Arbeiten. Jedes Bild repr\u00e4sentiert einen personalisierten Behandlungsweg, der sorgf\u00e4ltig auf die individuellen Merkmale und die nat\u00fcrliche Harmonie von Gesicht oder K\u00f6rper abgestimmt wurde. Die Ergebnisse zeigen den professionellen Ansatz des Studios, der auf technischer Kompetenz, \u00e4sthetischem Feingef\u00fchl und Liebe zum Detail [&hellip;]<\/p>\n","protected":false},"author":2,"featured_media":1357,"parent":0,"menu_order":0,"comment_status":"closed","ping_status":"closed","template":"","meta":{"_acf_changed":false,"_seopress_robots_primary_cat":"","_seopress_titles_title":"","_seopress_titles_desc":"","_seopress_robots_index":"","footnotes":""},"class_list":["post-1338","page","type-page","status-publish","has-post-thumbnail","hentry"],"acf":[],"jetpack_sharing_enabled":true,"_links":{"self":[{"href":"https:\/\/studiovaleria.ch\/de\/wp-json\/wp\/v2\/pages\/1338","targetHints":{"allow":["GET"]}}],"collection":[{"href":"https:\/\/studiovaleria.ch\/de\/wp-json\/wp\/v2\/pages"}],"about":[{"href":"https:\/\/studiovaleria.ch\/de\/wp-json\/wp\/v2\/types\/page"}],"author":[{"embeddable":true,"href":"https:\/\/studiovaleria.ch\/de\/wp-json\/wp\/v2\/users\/2"}],"replies":[{"embeddable":true,"href":"https:\/\/studiovaleria.ch\/de\/wp-json\/wp\/v2\/comments?post=1338"}],"version-history":[{"count":1,"href":"https:\/\/studiovaleria.ch\/de\/wp-json\/wp\/v2\/pages\/1338\/revisions"}],"predecessor-version":[{"id":1365,"href":"https:\/\/studiovaleria.ch\/de\/wp-json\/wp\/v2\/pages\/1338\/revisions\/1365"}],"wp:featuredmedia":[{"embeddable":true,"href":"https:\/\/studiovaleria.ch\/de\/wp-json\/wp\/v2\/media\/1357"}],"wp:attachment":[{"href":"https:\/\/studiovaleria.ch\/de\/wp-json\/wp\/v2\/media?parent=1338"}],"curies":[{"name":"wp","href":"https:\/\/api.w.org\/{rel}","templated":true}]}}