{"id":1315,"date":"2026-02-04T09:41:46","date_gmt":"2026-02-04T08:41:46","guid":{"rendered":"https:\/\/studiovaleria.ch\/prodotto\/babor-hsr-lifting-luxus-set\/"},"modified":"2026-03-25T17:37:44","modified_gmt":"2026-03-25T16:37:44","slug":"babor-hsr-lifting-luxus-set","status":"publish","type":"product","link":"https:\/\/studiovaleria.ch\/de\/prodotto\/babor-hsr-lifting-luxus-set\/","title":{"rendered":"BABOR \u2013 HSR Lifting Luxus-Set"},"content":{"rendered":"<p data-start=\"749\" data-end=\"993\">Das <strong data-start=\"752\" data-end=\"784\">BABOR HSR Lifting Luxury Set<\/strong> verk\u00f6rpert Exzellenz in der Anti-Aging-Kosmetikforschung. Eine intensive Gesichtsbehandlung f\u00fcr alle, die <strong data-start=\"901\" data-end=\"945\">sichtbare, sofortige und langanhaltende Ergebnisse<\/strong> w\u00fcnschen \u2013 mit strafferer, ebenm\u00e4\u00dfigerer und glatterer Haut. <\/p>\n<p data-start=\"995\" data-end=\"1026\">Dieses exklusive Set enth\u00e4lt:<\/p>\n<ul data-start=\"1027\" data-end=\"1104\">\n<li data-start=\"1027\" data-end=\"1066\">\n<p data-start=\"1029\" data-end=\"1066\"><strong data-start=\"1029\" data-end=\"1064\">BABOR HSR Lifting Serum \u2013 30 ml<\/strong><\/p>\n<\/li>\n<li data-start=\"1067\" data-end=\"1104\">\n<p data-start=\"1069\" data-end=\"1104\"><strong data-start=\"1069\" data-end=\"1104\">BABOR HSR Lifting Creme \u2013 50 ml<\/strong><\/p>\n<\/li>\n<\/ul>\n<p data-start=\"1106\" data-end=\"1234\">Das Herzst\u00fcck der Formel ist der innovative <strong data-start=\"1144\" data-end=\"1180\">HSR-Wirkstoffkomplex<\/strong>, der gezielt gegen <strong data-start=\"1206\" data-end=\"1231\">alle Faltenarten<\/strong> wirkt:<\/p>\n<ul data-start=\"1235\" data-end=\"1319\">\n<li data-start=\"1235\" data-end=\"1259\">\n<p data-start=\"1237\" data-end=\"1259\">Gravitationsfalten<\/p>\n<\/li>\n<li data-start=\"1260\" data-end=\"1283\">\n<p data-start=\"1262\" data-end=\"1283\">Mimikfalten<\/p>\n<\/li>\n<li data-start=\"1284\" data-end=\"1319\">\n<p data-start=\"1286\" data-end=\"1319\">periorale und nasolabiale Falten<\/p>\n<\/li>\n<\/ul>\n<p data-start=\"1321\" data-end=\"1617\">Die Behandlung wirkt effektiv dem Verlust von Kollagen und Elastin entgegen, reduziert die Glykation der Hautfasern und <strong data-start=\"1440\" data-end=\"1481\">verlangsamt die Neubildung von Falten<\/strong>. Gleichzeitig tr\u00e4gt sie dazu bei, <strong data-start=\"1517\" data-end=\"1543\">den Teint zu vereinheitlichen<\/strong>, Hyperpigmentierungen zu mildern und die Leuchtkraft der Haut zu verbessern. <\/p>\n<p data-start=\"1619\" data-end=\"1812\">Die <strong data-start=\"1621\" data-end=\"1658\">Polysaccharide aus Wacholderbeeren<\/strong> bieten einen sofortigen Straffungseffekt, der den ganzen Tag \u00fcber sichtbar bleibt, w\u00e4hrend die luxuri\u00f6se Textur ein angenehmes Gef\u00fchl von Komfort und Pflege schenkt.<\/p>\n<p data-start=\"1814\" data-end=\"1971\">\ud83d\udc8e <strong data-start=\"1817\" data-end=\"1831\">Ergebnis:<\/strong><br data-start=\"1831\" data-end=\"1834\">Die Haut erscheint <strong data-start=\"1850\" data-end=\"1899\">glatter, voller und sichtbar straffer<\/strong>, mit einem personalisierten Lifting-Effekt, der jeden Gesichtstyp zur Geltung bringt.<\/p>\n<h3 data-start=\"1978\" data-end=\"2008\"><\/h3>\n","protected":false},"excerpt":{"rendered":"<p>Das <strong data-start=\"352\" data-end=\"421\">HSR Lifting Luxus-Set von <span class=\"hover:entity-accent entity-underline inline cursor-pointer align-baseline\"><span class=\"whitespace-normal\">BABOR<\/span><\/span><\/strong> ist eine vollst\u00e4ndige Anti-Aging-Gesichtsbehandlung, die Hochleistungs-Lifting-Serum und -Creme kombiniert. Entwickelt, um <strong data-start=\"542\" data-end=\"567\">alle Faltenarten<\/strong> zu bek\u00e4mpfen, verleiht es der Haut bereits ab den ersten Anwendungen ein <strong data-start=\"596\" data-end=\"648\">glatteres, strafferes und sichtbar verj\u00fcngtes<\/strong> Aussehen. <\/p>\n","protected":false},"featured_media":576,"comment_status":"open","ping_status":"closed","template":"","meta":{"_acf_changed":false,"_seopress_robots_primary_cat":"none","_seopress_titles_title":"","_seopress_titles_desc":"","_seopress_robots_index":""},"product_brand":[],"product_cat":[113,115,114],"product_tag":[],"class_list":{"0":"post-1315","1":"product","2":"type-product","3":"status-publish","4":"has-post-thumbnail","6":"product_cat-geschenksets","7":"product_cat-gesichtscremes","8":"product_cat-gesichtspflege","10":"first","11":"instock","12":"shipping-taxable","13":"purchasable","14":"product-type-simple"},"acf":[],"jetpack_sharing_enabled":true,"_links":{"self":[{"href":"https:\/\/studiovaleria.ch\/de\/wp-json\/wp\/v2\/product\/1315","targetHints":{"allow":["GET"]}}],"collection":[{"href":"https:\/\/studiovaleria.ch\/de\/wp-json\/wp\/v2\/product"}],"about":[{"href":"https:\/\/studiovaleria.ch\/de\/wp-json\/wp\/v2\/types\/product"}],"replies":[{"embeddable":true,"href":"https:\/\/studiovaleria.ch\/de\/wp-json\/wp\/v2\/comments?post=1315"}],"wp:featuredmedia":[{"embeddable":true,"href":"https:\/\/studiovaleria.ch\/de\/wp-json\/wp\/v2\/media\/576"}],"wp:attachment":[{"href":"https:\/\/studiovaleria.ch\/de\/wp-json\/wp\/v2\/media?parent=1315"}],"wp:term":[{"taxonomy":"product_brand","embeddable":true,"href":"https:\/\/studiovaleria.ch\/de\/wp-json\/wp\/v2\/product_brand?post=1315"},{"taxonomy":"product_cat","embeddable":true,"href":"https:\/\/studiovaleria.ch\/de\/wp-json\/wp\/v2\/product_cat?post=1315"},{"taxonomy":"product_tag","embeddable":true,"href":"https:\/\/studiovaleria.ch\/de\/wp-json\/wp\/v2\/product_tag?post=1315"}],"curies":[{"name":"wp","href":"https:\/\/api.w.org\/{rel}","templated":true}]}}