{"id":1317,"date":"2026-02-09T13:09:00","date_gmt":"2026-02-09T12:09:00","guid":{"rendered":"https:\/\/studiovaleria.ch\/prodotto\/geschenkgutschein-studio-valeria\/"},"modified":"2026-03-25T17:34:08","modified_gmt":"2026-03-25T16:34:08","slug":"geschenkgutschein-studio-valeria","status":"publish","type":"product","link":"https:\/\/studiovaleria.ch\/de\/prodotto\/geschenkgutschein-studio-valeria\/","title":{"rendered":"Geschenkgutschein Studio Valeria"},"content":{"rendered":"<p data-start=\"627\" data-end=\"820\">Schenken Sie ein einzigartiges Sch\u00f6nheitserlebnis mit dem <strong data-start=\"673\" data-end=\"704\">Geschenkgutschein Studio Valeria<\/strong>, konzipiert f\u00fcr alle, die sich in einem professionellen, einladenden und hochspezialisierten Ambiente pflegen m\u00f6chten.<\/p>\n<p data-start=\"822\" data-end=\"1102\">Der Geschenkgutschein kann f\u00fcr <strong data-start=\"864\" data-end=\"901\">\u00e4sthetische Gesichts- und K\u00f6rperbehandlungen<\/strong>, Wellnessprogramme und vom Studio ausgew\u00e4hlte <strong data-start=\"924\" data-end=\"960\">professionelle Kosmetikprodukte<\/strong> eingel\u00f6st werden. Die ideale L\u00f6sung, um eine geliebte Person mit einem Geschenk zu \u00fcberraschen, das <strong data-start=\"1065\" data-end=\"1101\">Pflege, Entspannung und sichtbare Ergebnisse<\/strong> vereint. <\/p>\n<p data-start=\"1104\" data-end=\"1348\">Perfekt f\u00fcr Geburtstage, Jubil\u00e4en, Feiertage oder einfach, um \u201eIch habe an Sie gedacht\u201c zu sagen: Der Geschenkgutschein bietet die Freiheit, die passende Behandlung zu w\u00e4hlen, inklusive pers\u00f6nlicher Beratung durch das Team von Studio Valeria.<\/p>\n<p data-start=\"1350\" data-end=\"1407\">\ud83d\udc8e <strong data-start=\"1353\" data-end=\"1405\">Warum den Geschenkgutschein Studio Valeria w\u00e4hlen:<\/strong><\/p>\n<ul data-start=\"1408\" data-end=\"1558\">\n<li data-start=\"1408\" data-end=\"1439\">\n<p data-start=\"1410\" data-end=\"1439\">Ein stets gesch\u00e4tztes Geschenk<\/p>\n<\/li>\n<li data-start=\"1440\" data-end=\"1485\">\n<p data-start=\"1442\" data-end=\"1485\">Personalisiertes und professionelles Erlebnis<\/p>\n<\/li>\n<li data-start=\"1486\" data-end=\"1528\">\n<p data-start=\"1488\" data-end=\"1528\">Einl\u00f6sbar f\u00fcr Behandlungen und Produkte<\/p>\n<\/li>\n<li data-start=\"1529\" data-end=\"1558\">\n<p data-start=\"1531\" data-end=\"1558\">Ideal f\u00fcr jeden Anlass<\/p>\n<\/li>\n<\/ul>\n","protected":false},"excerpt":{"rendered":"<p data-start=\"323\" data-end=\"556\">Der <strong data-start=\"326\" data-end=\"357\">Geschenkgutschein Studio Valeria<\/strong> ist die perfekte Idee, um <strong data-start=\"387\" data-end=\"418\">Wohlbefinden, Sch\u00f6nheit und Entspannung<\/strong> zu schenken. Ein elegantes und personalisierbares Geschenk, g\u00fcltig f\u00fcr <strong data-start=\"470\" data-end=\"519\">\u00e4sthetische Behandlungen und professionelle Produkte<\/strong>, ideal f\u00fcr jeden besonderen Anlass. <\/p>\n","protected":false},"featured_media":816,"comment_status":"open","ping_status":"closed","template":"","meta":{"_acf_changed":false,"_seopress_robots_primary_cat":"none","_seopress_titles_title":"Geschenkgutschein Studio Valeria | \u00c4sthetische Behandlungen & Wellness","_seopress_titles_desc":"Schenken Sie Sch\u00f6nheit und Entspannung mit dem Geschenkgutschein Studio Valeria. Einl\u00f6sbar f\u00fcr \u00e4sthetische Gesichts- und K\u00f6rperbehandlungen sowie professionelle Produkte. Die perfekte Geschenkidee.  ","_seopress_robots_index":""},"product_brand":[],"product_cat":[116],"product_tag":[120,122,119,117,125,118,124,123,121],"class_list":{"0":"post-1317","1":"product","2":"type-product","3":"status-publish","4":"has-post-thumbnail","6":"product_cat-geschenkgutschein","7":"product_tag-aesthetische-behandlungen","8":"product_tag-geschenk-schoenheit","9":"product_tag-geschenk-wellness","10":"product_tag-geschenkgutschein","11":"product_tag-geschenkidee-aesthetik","12":"product_tag-geschenkkarte-aesthetik","13":"product_tag-gutschein-aesthetik","14":"product_tag-kosmetikstudio","15":"product_tag-professionelles-kosmetikstudio","17":"first","18":"instock","19":"shipping-taxable","20":"purchasable","21":"product-type-variable"},"acf":[],"jetpack_sharing_enabled":true,"_links":{"self":[{"href":"https:\/\/studiovaleria.ch\/de\/wp-json\/wp\/v2\/product\/1317","targetHints":{"allow":["GET"]}}],"collection":[{"href":"https:\/\/studiovaleria.ch\/de\/wp-json\/wp\/v2\/product"}],"about":[{"href":"https:\/\/studiovaleria.ch\/de\/wp-json\/wp\/v2\/types\/product"}],"replies":[{"embeddable":true,"href":"https:\/\/studiovaleria.ch\/de\/wp-json\/wp\/v2\/comments?post=1317"}],"wp:featuredmedia":[{"embeddable":true,"href":"https:\/\/studiovaleria.ch\/de\/wp-json\/wp\/v2\/media\/816"}],"wp:attachment":[{"href":"https:\/\/studiovaleria.ch\/de\/wp-json\/wp\/v2\/media?parent=1317"}],"wp:term":[{"taxonomy":"product_brand","embeddable":true,"href":"https:\/\/studiovaleria.ch\/de\/wp-json\/wp\/v2\/product_brand?post=1317"},{"taxonomy":"product_cat","embeddable":true,"href":"https:\/\/studiovaleria.ch\/de\/wp-json\/wp\/v2\/product_cat?post=1317"},{"taxonomy":"product_tag","embeddable":true,"href":"https:\/\/studiovaleria.ch\/de\/wp-json\/wp\/v2\/product_tag?post=1317"}],"curies":[{"name":"wp","href":"https:\/\/api.w.org\/{rel}","templated":true}]}}