{"id":1326,"date":"2026-02-04T14:17:46","date_gmt":"2026-02-04T13:17:46","guid":{"rendered":"https:\/\/studiovaleria.ch\/prodotto\/babor-hsr-lifting-creme-50-ml\/"},"modified":"2026-03-25T17:33:01","modified_gmt":"2026-03-25T16:33:01","slug":"babor-hsr-lifting-creme-50-ml","status":"publish","type":"product","link":"https:\/\/studiovaleria.ch\/de\/prodotto\/babor-hsr-lifting-creme-50-ml\/","title":{"rendered":"BABOR \u2013 HSR Lifting Creme 50 ml"},"content":{"rendered":"<p data-start=\"616\" data-end=\"852\">Die <strong data-start=\"619\" data-end=\"652\">BABOR HSR Lifting Creme 50 ml<\/strong> steht f\u00fcr h\u00f6chste Exzellenz in der Anti-Aging-Kosmetikforschung. Diese luxuri\u00f6se Gesichtscreme ist formuliert, um einen <strong data-start=\"768\" data-end=\"802\">personalisierten Lifting-Effekt<\/strong> zu bieten und sich den Bed\u00fcrfnissen jedes Hauttyps anzupassen. <\/p>\n<p data-start=\"854\" data-end=\"971\">Dank <strong data-start=\"863\" data-end=\"906\">sechs hochleistungsf\u00e4higer Wirkstoffe<\/strong> wirkt die Creme effektiv gegen alle Faltentypen:<\/p>\n<ul data-start=\"972\" data-end=\"1062\">\n<li data-start=\"972\" data-end=\"996\">\n<p data-start=\"974\" data-end=\"996\">Gravitationsfalten<\/p>\n<\/li>\n<li data-start=\"997\" data-end=\"1020\">\n<p data-start=\"999\" data-end=\"1020\">Mimikfalten<\/p>\n<\/li>\n<li data-start=\"1021\" data-end=\"1062\">\n<p data-start=\"1023\" data-end=\"1062\">periorale Falten und Nasolabialfalten<\/p>\n<\/li>\n<\/ul>\n<p data-start=\"1064\" data-end=\"1402\">Die fortschrittliche Formel wirkt dem Abbau von <strong data-start=\"1113\" data-end=\"1138\">Kollagen und Elastin<\/strong> entgegen und reduziert die Glykation der Hautfasern, eine der Hauptursachen vorzeitiger Hautalterung. Ein <strong data-start=\"1254\" data-end=\"1276\">nat\u00fcrliches Glukosid<\/strong> tr\u00e4gt zudem dazu bei, die Bildung neuer Falten zu verlangsamen und hilft der Haut, l\u00e4nger ein jugendliches Aussehen zu bewahren. <\/p>\n<p data-start=\"1404\" data-end=\"1668\">Die ausgleichende Wirkung verbessert den Hautton und mildert sichtbar <strong data-start=\"1483\" data-end=\"1504\">Hyperpigmentierungen<\/strong>, wodurch die Haut strahlender und ebenm\u00e4\u00dfiger wird. Tag f\u00fcr Tag erscheint das Gesicht <strong data-start=\"1584\" data-end=\"1618\">kompakter, straffer und glatter<\/strong>, mit einer sichtbar verbesserten Hautstruktur. <\/p>\n<p data-start=\"1670\" data-end=\"1792\">\ud83d\udc8e <strong data-start=\"1673\" data-end=\"1687\">Ergebnis:<\/strong><br data-start=\"1687\" data-end=\"1690\">Eine glattere, straffere und sichtbar verj\u00fcngte Haut mit einem umfassenden und langanhaltenden Lifting-Effekt.<\/p>\n","protected":false},"excerpt":{"rendered":"<p>Die <strong data-start=\"264\" data-end=\"326\">HSR Lifting Creme von <span class=\"hover:entity-accent entity-underline inline cursor-pointer align-baseline\"><span class=\"whitespace-normal\">BABOR<\/span><\/span><\/strong> ist eine hochleistungsf\u00e4hige Anti-Aging-Gesichtsbehandlung, die <strong data-start=\"391\" data-end=\"416\">alle Faltentypen<\/strong> bek\u00e4mpft und Straffheit, Festigkeit und Ausstrahlung verbessert. Ideal f\u00fcr alle, die eine <strong data-start=\"500\" data-end=\"544\">sichtbar glattere, festere und ebenm\u00e4\u00dfigere Haut<\/strong> w\u00fcnschen. <\/p>\n","protected":false},"featured_media":591,"comment_status":"open","ping_status":"closed","template":"","meta":{"_acf_changed":false,"_seopress_robots_primary_cat":"none","_seopress_titles_title":"","_seopress_titles_desc":"","_seopress_robots_index":""},"product_brand":[],"product_cat":[115,114],"product_tag":[126],"class_list":{"0":"post-1326","1":"product","2":"type-product","3":"status-publish","4":"has-post-thumbnail","6":"product_cat-gesichtscremes","7":"product_cat-gesichtspflege","8":"product_tag-lifting-gesichtscremes","10":"first","11":"instock","12":"shipping-taxable","13":"purchasable","14":"product-type-simple"},"acf":[],"jetpack_sharing_enabled":true,"_links":{"self":[{"href":"https:\/\/studiovaleria.ch\/de\/wp-json\/wp\/v2\/product\/1326","targetHints":{"allow":["GET"]}}],"collection":[{"href":"https:\/\/studiovaleria.ch\/de\/wp-json\/wp\/v2\/product"}],"about":[{"href":"https:\/\/studiovaleria.ch\/de\/wp-json\/wp\/v2\/types\/product"}],"replies":[{"embeddable":true,"href":"https:\/\/studiovaleria.ch\/de\/wp-json\/wp\/v2\/comments?post=1326"}],"wp:featuredmedia":[{"embeddable":true,"href":"https:\/\/studiovaleria.ch\/de\/wp-json\/wp\/v2\/media\/591"}],"wp:attachment":[{"href":"https:\/\/studiovaleria.ch\/de\/wp-json\/wp\/v2\/media?parent=1326"}],"wp:term":[{"taxonomy":"product_brand","embeddable":true,"href":"https:\/\/studiovaleria.ch\/de\/wp-json\/wp\/v2\/product_brand?post=1326"},{"taxonomy":"product_cat","embeddable":true,"href":"https:\/\/studiovaleria.ch\/de\/wp-json\/wp\/v2\/product_cat?post=1326"},{"taxonomy":"product_tag","embeddable":true,"href":"https:\/\/studiovaleria.ch\/de\/wp-json\/wp\/v2\/product_tag?post=1326"}],"curies":[{"name":"wp","href":"https:\/\/api.w.org\/{rel}","templated":true}]}}