{"id":1331,"date":"2026-03-02T12:37:09","date_gmt":"2026-03-02T11:37:09","guid":{"rendered":"https:\/\/studiovaleria.ch\/prodotto\/super-hydrating-cream-50-ml-studio-valeria-locarno\/"},"modified":"2026-03-25T17:35:47","modified_gmt":"2026-03-25T16:35:47","slug":"super-hydrating-cream-50-ml-studio-valeria-locarno","status":"publish","type":"product","link":"https:\/\/studiovaleria.ch\/de\/prodotto\/super-hydrating-cream-50-ml-studio-valeria-locarno\/","title":{"rendered":"Super Hydrating Cream \u2013 50 ml | Studio Valeria Locarno"},"content":{"rendered":"<p data-path-to-node=\"9\"><b data-path-to-node=\"9\" data-index-in-node=\"0\">Regeneration und tiefe Hydratation: Die Wissenschaft der Natur im Dienste Ihrer Haut<\/b><\/p>\n<p data-path-to-node=\"10\">Die <b data-path-to-node=\"10\" data-index-in-node=\"3\">Super Hydrating Cream<\/b> von Studio Valeria Locarno ist nicht nur eine einfache Feuchtigkeitscreme, sondern ein echter Schutzschild gegen Dehydrierung und die Zeichen der Zeit. Entwickelt f\u00fcr alle, die professionelle Wirksamkeit kombiniert mit zarter Sensorik suchen, wirkt diese Formel auf die drei S\u00e4ulen der Hautgesundheit: <b data-path-to-node=\"10\" data-index-in-node=\"322\">Schutz, Pflege und Pr\u00e4vention<\/b>. <\/p>\n<h4 data-path-to-node=\"11\">Warum ist sie einzigartig?<\/h4>\n<p data-path-to-node=\"12\">Ihre biotechnologische Formel nutzt die Kraft der Natur, um sichtbare Ergebnisse ab der ersten Anwendung zu garantieren:<\/p>\n<ul data-path-to-node=\"13\">\n<li>\n<p data-path-to-node=\"13,0,0\"><b data-path-to-node=\"13,0,0\" data-index-in-node=\"0\">Pflanzlicher Ceramid-Komplex:<\/b> Baut die \u201eBausteine\u201c der Haut wieder auf, stellt die Hydrolipidbarriere wieder her und verhindert den transepidermalen Wasserverlust (TEWL).<\/p>\n<\/li>\n<li>\n<p data-path-to-node=\"13,1,0\"><b data-path-to-node=\"13,1,0\" data-index-in-node=\"0\">Niacinamid (Vitamin B3):<\/b> Ein kraftvoller Anti-Aging-Verb\u00fcndeter, der den Teint verfeinert, Poren reduziert und Entz\u00fcndungen lindert, wodurch die Haut widerstandsf\u00e4higer wird.<\/p>\n<\/li>\n<li>\n<p data-path-to-node=\"13,2,0\"><b data-path-to-node=\"13,2,0\" data-index-in-node=\"0\">Shea-Butter und Avocado\u00f6l:<\/b> Eine Synergie aus \u201eguten\u201c Fetten, die tiefenwirksam n\u00e4hren, die Elastizit\u00e4t verbessern und dem Spannungsgef\u00fchl der Haut entgegenwirken.<\/p>\n<\/li>\n<\/ul>\n<h4 data-path-to-node=\"14\">Hauptvorteile<\/h4>\n<ol start=\"1\" data-path-to-node=\"15\">\n<li>\n<p data-path-to-node=\"15,0,0\"><b data-path-to-node=\"15,0,0\" data-index-in-node=\"0\">Langanhaltende Feuchtigkeit:<\/b> H\u00e4lt die Haut 24 Stunden lang hydratisiert und passt sich dem zirkadianen Rhythmus des Gesichts an.<\/p>\n<\/li>\n<li>\n<p data-path-to-node=\"15,1,0\"><b data-path-to-node=\"15,1,0\" data-index-in-node=\"0\">Elastizit\u00e4tsf\u00f6rdernde Wirkung:<\/b> Ideal zur Bek\u00e4mpfung von Trockenheitsf\u00e4ltchen und Spannkraftverlust.<\/p>\n<\/li>\n<li>\n<p data-path-to-node=\"15,2,0\"><b data-path-to-node=\"15,2,0\" data-index-in-node=\"0\">Totale Vielseitigkeit:<\/b> Ihre leichte, aber reichhaltige Textur macht sie perfekt als Make-up-Grundlage sowie als regenerierende Nachtpflege.<\/p>\n<\/li>\n<\/ol>\n","protected":false},"excerpt":{"rendered":"<p><i data-path-to-node=\"6\" data-index-in-node=\"0\">Der t\u00e4gliche Seidenglanz f\u00fcr Ihre Haut.<\/i> Die <b data-path-to-node=\"6\" data-index-in-node=\"49\">Super Hydrating Cream<\/b> ist eine 24-Stunden-Gesichtspflege mit einer weichen und umh\u00fcllenden Textur, formuliert mit <b data-path-to-node=\"6\" data-index-in-node=\"150\">98 % nat\u00fcrlichen Inhaltsstoffen<\/b>. Dank der Kombination aus <b data-path-to-node=\"6\" data-index-in-node=\"207\">pflanzlichen Ceramiden<\/b>, <b data-path-to-node=\"6\" data-index-in-node=\"226\">Niacinamid<\/b> und pflegenden \u00d6len repariert sie die Hautbarriere und verleiht trockener oder strapazierter Haut sofortige Ausstrahlung und Festigkeit. <\/p>\n","protected":false},"featured_media":942,"comment_status":"open","ping_status":"closed","template":"","meta":{"_acf_changed":false,"_seopress_robots_primary_cat":"","_seopress_titles_title":"","_seopress_titles_desc":"","_seopress_robots_index":""},"product_brand":[],"product_cat":[115,114],"product_tag":[],"class_list":{"0":"post-1331","1":"product","2":"type-product","3":"status-publish","4":"has-post-thumbnail","6":"product_cat-gesichtscremes","7":"product_cat-gesichtspflege","9":"first","10":"instock","11":"shipping-taxable","12":"purchasable","13":"product-type-simple"},"acf":[],"jetpack_sharing_enabled":true,"_links":{"self":[{"href":"https:\/\/studiovaleria.ch\/de\/wp-json\/wp\/v2\/product\/1331","targetHints":{"allow":["GET"]}}],"collection":[{"href":"https:\/\/studiovaleria.ch\/de\/wp-json\/wp\/v2\/product"}],"about":[{"href":"https:\/\/studiovaleria.ch\/de\/wp-json\/wp\/v2\/types\/product"}],"replies":[{"embeddable":true,"href":"https:\/\/studiovaleria.ch\/de\/wp-json\/wp\/v2\/comments?post=1331"}],"wp:featuredmedia":[{"embeddable":true,"href":"https:\/\/studiovaleria.ch\/de\/wp-json\/wp\/v2\/media\/942"}],"wp:attachment":[{"href":"https:\/\/studiovaleria.ch\/de\/wp-json\/wp\/v2\/media?parent=1331"}],"wp:term":[{"taxonomy":"product_brand","embeddable":true,"href":"https:\/\/studiovaleria.ch\/de\/wp-json\/wp\/v2\/product_brand?post=1331"},{"taxonomy":"product_cat","embeddable":true,"href":"https:\/\/studiovaleria.ch\/de\/wp-json\/wp\/v2\/product_cat?post=1331"},{"taxonomy":"product_tag","embeddable":true,"href":"https:\/\/studiovaleria.ch\/de\/wp-json\/wp\/v2\/product_tag?post=1331"}],"curies":[{"name":"wp","href":"https:\/\/api.w.org\/{rel}","templated":true}]}}