{"id":1392,"date":"2026-03-25T15:33:50","date_gmt":"2026-03-25T14:33:50","guid":{"rendered":"https:\/\/studiovaleria.ch\/prodotto\/soul-hand-cream-grounding-75-ml-studio-valeria-locarno\/"},"modified":"2026-03-25T17:33:56","modified_gmt":"2026-03-25T16:33:56","slug":"soul-hand-cream-grounding-75-ml-studio-valeria-locarno","status":"publish","type":"product","link":"https:\/\/studiovaleria.ch\/de\/prodotto\/soul-hand-cream-grounding-75-ml-studio-valeria-locarno\/","title":{"rendered":"Soul &amp; Hand Cream Grounding 75 ml | Studio Valeria Locarno"},"content":{"rendered":"<p data-path-to-node=\"11\"><b data-path-to-node=\"11\" data-index-in-node=\"0\">Grounding: Das Wohlf\u00fchlritual, das Seele und K\u00f6rper verbindet<\/b><\/p>\n<p data-path-to-node=\"12\">In einer hektischen Welt sind die H\u00e4nde das Werkzeug, mit dem wir mit der Realit\u00e4t interagieren, aber sie sind auch der K\u00f6rperteil, der am st\u00e4rksten Umweltstress ausgesetzt ist. Die <b data-path-to-node=\"12\" data-index-in-node=\"156\">Soul &amp; Hand Cream Grounding<\/b> von Studio Valeria Locarno wurde in Zusammenarbeit mit Aromatherapie-Experten entwickelt, um nicht nur \u00e4sthetische Pflege, sondern einen echten Moment des &#8222;Grounding&#8220; (Erdung) zu bieten. <\/p>\n<h4 data-path-to-node=\"13\">Wissenschaft und Natur in Synergie<\/h4>\n<p data-path-to-node=\"14\">Die fortschrittliche Formel wirkt auf mehreren Ebenen, um sichtbar j\u00fcngere und ges\u00fcndere H\u00e4nde zu garantieren:<\/p>\n<ul data-path-to-node=\"15\">\n<li>\n<p data-path-to-node=\"15,0,0\"><b data-path-to-node=\"15,0,0\" data-index-in-node=\"0\">Ceramid- &amp; Vitamin-F-Komplex:<\/b> Wirken wie ein zellul\u00e4rer &#8222;Zement&#8220;, rekonstruieren die gesch\u00e4digte Hautbarriere und sch\u00fctzen die Haut vor chronischer Austrocknung.<\/p>\n<\/li>\n<li>\n<p data-path-to-node=\"15,1,0\"><b data-path-to-node=\"15,1,0\" data-index-in-node=\"0\">Mikrobiom-Balance (Postbiotika):<\/b> Die integrierten Postbiotika helfen, die hautfreundliche Bakterienflora intakt zu halten und erh\u00f6hen die nat\u00fcrlichen Abwehrkr\u00e4fte gegen Irritationen und \u00e4u\u00dfere Einfl\u00fcsse.<\/p>\n<\/li>\n<li>\n<p data-path-to-node=\"15,2,0\"><b data-path-to-node=\"15,2,0\" data-index-in-node=\"0\">Pflege von N\u00e4geln und Nagelhaut:<\/b> Die schmelzende Textur dringt tief ein, macht die Nagelhaut weich und st\u00e4rkt die Keratinstruktur der N\u00e4gel.<\/p>\n<\/li>\n<\/ul>\n<h4 data-path-to-node=\"16\">Sensorisches Erlebnis<\/h4>\n<p data-path-to-node=\"17\">Die Duftnote <b data-path-to-node=\"17\" data-index-in-node=\"13\">Grounding<\/b> ist warm, elegant und erdig. Dank der Verwendung edler \u00e4therischer \u00d6le hilft jede Anwendung, das innere Gleichgewicht wiederzufinden, Stress zu reduzieren und ein Gef\u00fchl von Stabilit\u00e4t und Ruhe zu schenken. <\/p>\n<h4 data-path-to-node=\"18\">Warum sie w\u00e4hlen?<\/h4>\n<blockquote data-path-to-node=\"19\">\n<p data-path-to-node=\"19,0\">&#8222;Es ist nicht nur Hautpflege, es ist ein sensorisches Erlebnis. Die Textur fettet nicht und erm\u00f6glicht es, sofort zu den eigenen Aktivit\u00e4ten zur\u00fcckzukehren, hinterl\u00e4sst aber eine Spur von Wohlbefinden, die lange anh\u00e4lt.&#8220;<\/p>\n<\/blockquote>\n","protected":false},"excerpt":{"rendered":"<p>Mehr als eine einfache Handcreme: ein Ritual der &#8222;Erdung&#8220; f\u00fcr K\u00f6rper und Geist. Die <b data-path-to-node=\"8\" data-index-in-node=\"88\">Soul &amp; Hand Cream Grounding<\/b> ist eine schnell einziehende Behandlung, die die reparierende Wirksamkeit von <b data-path-to-node=\"8\" data-index-in-node=\"196\">Ceramiden<\/b> und <b data-path-to-node=\"8\" data-index-in-node=\"213\">Vitamin F<\/b> mit der ausgleichenden Kraft der Aromatherapie vereint. Regeneriert das Hautmikrobiom dank <b data-path-to-node=\"8\" data-index-in-node=\"307\">Postbiotika<\/b> und hinterl\u00e4sst die H\u00e4nde seidig, die N\u00e4gel gest\u00e4rkt und die Sinne tiefenentspannt.  <\/p>\n","protected":false},"featured_media":1129,"comment_status":"open","ping_status":"closed","template":"","meta":{"_acf_changed":false,"_seopress_robots_primary_cat":"none","_seopress_titles_title":"Soul & Hand Cream Grounding 75 ml | Studio Valeria Locarno","_seopress_titles_desc":"Regeneriert H\u00e4nde und Geist mit der Soul & Hand Cream Grounding. Formel mit Ceramiden, Vitamin F und Postbiotika. Schnelle Absorption, harmonisierende Duftnote.  ","_seopress_robots_index":""},"product_brand":[],"product_cat":[161,131],"product_tag":[163,166,168,165,167,162,139,164],"class_list":{"0":"post-1392","1":"product","2":"type-product","3":"status-publish","4":"has-post-thumbnail","6":"product_cat-hande","7":"product_cat-korperprodukte","8":"product_tag-aromatherapie","9":"product_tag-ceramide","10":"product_tag-grounding","11":"product_tag-nagelpflege","12":"product_tag-postbiotika-hautpflege","13":"product_tag-professionelle-handcreme","14":"product_tag-studio-valeria-locarno","15":"product_tag-trockene-hande","17":"first","18":"instock","19":"shipping-taxable","20":"purchasable","21":"product-type-simple"},"acf":[],"jetpack_sharing_enabled":true,"_links":{"self":[{"href":"https:\/\/studiovaleria.ch\/de\/wp-json\/wp\/v2\/product\/1392","targetHints":{"allow":["GET"]}}],"collection":[{"href":"https:\/\/studiovaleria.ch\/de\/wp-json\/wp\/v2\/product"}],"about":[{"href":"https:\/\/studiovaleria.ch\/de\/wp-json\/wp\/v2\/types\/product"}],"replies":[{"embeddable":true,"href":"https:\/\/studiovaleria.ch\/de\/wp-json\/wp\/v2\/comments?post=1392"}],"wp:featuredmedia":[{"embeddable":true,"href":"https:\/\/studiovaleria.ch\/de\/wp-json\/wp\/v2\/media\/1129"}],"wp:attachment":[{"href":"https:\/\/studiovaleria.ch\/de\/wp-json\/wp\/v2\/media?parent=1392"}],"wp:term":[{"taxonomy":"product_brand","embeddable":true,"href":"https:\/\/studiovaleria.ch\/de\/wp-json\/wp\/v2\/product_brand?post=1392"},{"taxonomy":"product_cat","embeddable":true,"href":"https:\/\/studiovaleria.ch\/de\/wp-json\/wp\/v2\/product_cat?post=1392"},{"taxonomy":"product_tag","embeddable":true,"href":"https:\/\/studiovaleria.ch\/de\/wp-json\/wp\/v2\/product_tag?post=1392"}],"curies":[{"name":"wp","href":"https:\/\/api.w.org\/{rel}","templated":true}]}}