{"id":2012,"date":"2026-03-27T10:47:19","date_gmt":"2026-03-27T09:47:19","guid":{"rendered":"https:\/\/studiovaleria.ch\/prodotto\/scrub-jojobasweet-almond-mavex\/"},"modified":"2026-03-27T10:47:19","modified_gmt":"2026-03-27T09:47:19","slug":"scrub-jojobasweet-almond-mavex","status":"publish","type":"product","link":"https:\/\/studiovaleria.ch\/de\/prodotto\/scrub-jojobasweet-almond-mavex\/","title":{"rendered":"SCRUB JOJOBA&amp;SWEET ALMOND MAVEX"},"content":{"rendered":"<p data-path-to-node=\"11\"><b data-path-to-node=\"11\" data-index-in-node=\"0\">Das Geheimnis f\u00fcr erneuerte und mit Sauerstoff versorgte Haut<\/b> Die Exfoliation ist der erste grundlegende Schritt f\u00fcr jede wirksame Beauty-Routine. Das Scrub von Mavex wurde f\u00fcr alle entwickelt, die eine regenerierende Wirkung w\u00fcnschen, die die Epidermis nicht angreift, sondern verw\u00f6hnt. Dank seiner luxuri\u00f6sen Textur verwandelt es die Reinigung in eine echte Spa-Behandlung f\u00fcr zu Hause.  <\/p>\n<h4 data-path-to-node=\"12\"><\/h4>\n<p data-path-to-node=\"13\">Im Gegensatz zu herk\u00f6mmlichen Scrubs, die Mikroplastik oder unregelm\u00e4\u00dfige abrasive Partikel verwenden, setzt Mavex auf <b data-path-to-node=\"13\" data-index-in-node=\"113\">Jojoba<\/b>:<\/p>\n<ul data-path-to-node=\"14\">\n<li>\n<p data-path-to-node=\"14,0,0\"><b data-path-to-node=\"14,0,0\" data-index-in-node=\"0\">Jojoba- &amp; Reis-Perlen:<\/b> Sph\u00e4rische Partikel, die sanft \u00fcber die Haut rollen und eine nat\u00fcrliche und gleichm\u00e4\u00dfige Abschuppung gew\u00e4hrleisten, ohne Mikrol\u00e4sionen oder Irritationen zu verursachen.<\/p>\n<\/li>\n<li>\n<p data-path-to-node=\"14,1,0\"><b data-path-to-node=\"14,1,0\" data-index-in-node=\"0\">Entgiftende Wirkung:<\/b> Entfernt wirksam angesammelte Unreinheiten und Toxine, befreit die Poren und erm\u00f6glicht der Haut wieder zu &#8222;atmen&#8220;.<\/p>\n<\/li>\n<\/ul>\n<h4 data-path-to-node=\"15\"><\/h4>\n<div class=\"horizontal-scroll-wrapper\">\n<div class=\"table-block-component\">\n<div class=\"table-block has-export-button new-table-style is-at-scroll-start is-at-scroll-end\">\n<div class=\"table-content not-end-of-paragraph\" data-hveid=\"0\" data-ved=\"0CAAQ3ecQahcKEwjf-tul4r-TAxUAAAAAHQAAAAAQJg\"><\/div>\n<\/div>\n<\/div>\n<\/div>\n","protected":false},"excerpt":{"rendered":"<p>Eine Tiefenreinigungsbehandlung, die die Wirksamkeit eines mechanischen Peelings mit der Sanftheit einer n\u00e4hrenden Packung vereint. Das <b data-path-to-node=\"8\" data-index-in-node=\"124\">Scrub Jojoba &amp; S\u00fc\u00dfmandel<\/b> von Mavex verwendet Jojoba-Mikrosph\u00e4ren und hochwertige Pflanzen\u00f6le, um Toxine und abgestorbene Hautzellen zu entfernen und die Sauerstoffversorgung des Gewebes zu stimulieren. Das Ergebnis ist eine sofort seidige, strahlende Haut, die perfekt aufnahmef\u00e4hig f\u00fcr die Wirkstoffe nachfolgender Behandlungen ist.  <\/p>\n","protected":false},"featured_media":2013,"comment_status":"closed","ping_status":"closed","template":"","meta":{"_acf_changed":false,"_seopress_robots_primary_cat":"none","_seopress_titles_title":"Scrub Jojoba & S\u00fc\u00dfmandel Mavex | Studio Valeria Locarno","_seopress_titles_desc":"Peelen und regenerieren Sie Ihre Haut mit dem Scrub Jojoba & S\u00fc\u00dfmandel von Mavex. Sanftes Peeling mit Jojoba-Perlen und Avocado\u00f6l f\u00fcr seidige Haut. \n\nK\u00f6rperpeeling, Mavex, Sanftes Peeling, S\u00fc\u00dfmandel\u00f6l, Mechanisches Peeling, Strahlende Haut, Studio Valeria Locarno, Detox-Behandlung.","_seopress_robots_index":""},"product_brand":[],"product_cat":[131],"product_tag":[],"class_list":{"0":"post-2012","1":"product","2":"type-product","3":"status-publish","4":"has-post-thumbnail","6":"product_cat-korperprodukte","8":"first","9":"instock","10":"shipping-taxable","11":"purchasable","12":"product-type-simple"},"acf":[],"jetpack_sharing_enabled":true,"_links":{"self":[{"href":"https:\/\/studiovaleria.ch\/de\/wp-json\/wp\/v2\/product\/2012","targetHints":{"allow":["GET"]}}],"collection":[{"href":"https:\/\/studiovaleria.ch\/de\/wp-json\/wp\/v2\/product"}],"about":[{"href":"https:\/\/studiovaleria.ch\/de\/wp-json\/wp\/v2\/types\/product"}],"replies":[{"embeddable":true,"href":"https:\/\/studiovaleria.ch\/de\/wp-json\/wp\/v2\/comments?post=2012"}],"wp:featuredmedia":[{"embeddable":true,"href":"https:\/\/studiovaleria.ch\/de\/wp-json\/wp\/v2\/media\/2013"}],"wp:attachment":[{"href":"https:\/\/studiovaleria.ch\/de\/wp-json\/wp\/v2\/media?parent=2012"}],"wp:term":[{"taxonomy":"product_brand","embeddable":true,"href":"https:\/\/studiovaleria.ch\/de\/wp-json\/wp\/v2\/product_brand?post=2012"},{"taxonomy":"product_cat","embeddable":true,"href":"https:\/\/studiovaleria.ch\/de\/wp-json\/wp\/v2\/product_cat?post=2012"},{"taxonomy":"product_tag","embeddable":true,"href":"https:\/\/studiovaleria.ch\/de\/wp-json\/wp\/v2\/product_tag?post=2012"}],"curies":[{"name":"wp","href":"https:\/\/api.w.org\/{rel}","templated":true}]}}